{"id":154,"date":"2025-08-04T19:04:57","date_gmt":"2025-08-04T17:04:57","guid":{"rendered":"http:\/\/localhost\/Wordpress%20Marie\/?page_id=154"},"modified":"2025-08-04T19:04:57","modified_gmt":"2025-08-04T17:04:57","slug":"cv","status":"publish","type":"page","link":"https:\/\/www.mariemalnoury.com\/index.php\/cv\/","title":{"rendered":"CV"},"content":{"rendered":"\n<p><strong>DEMAIN<\/strong><\/p>\n\n\n\n<p>Peut-\u00eatre chez vous ?<\/p>\n\n\n\n<p><strong>SEPTEMBRE 2023<\/strong><\/p>\n\n\n\n<p><strong>D\u00e9veloppeuse Web Fullstack<\/strong><\/p>\n\n\n\n<p><a href=\"https:\/\/github.com\/MalMarie\" target=\"_blank\" rel=\"noreferrer noopener\">GitHub<\/a><\/p>\n\n\n\n<p>Je d\u00e9veloppe divers projets personnels.<\/p>\n\n\n\n<p><strong>MARS \u00c0 SEPTEMBRE 2023<\/strong><\/p>\n\n\n\n<p><strong>Formation D\u00e9veloppeur Web Fullstack | O&rsquo;Clock<\/strong><\/p>\n\n\n\n<p>Formation intensive de d\u00e9veloppement web dans les langages PHP et JavaScript. J&rsquo;ai \u00e9galement des comp\u00e9tences dans le framework Symfony, en base de donn\u00e9es MySQL, en m\u00e9thode Agile (Scrum), et Git.<\/p>\n\n\n\n<p>\u200b<\/p>\n\n\n\n<p><strong>DEPUIS F\u00c9VRIER 2023<\/strong><\/p>\n\n\n\n<p><strong>Community et Content Manager | La Magie des Saisons<\/strong><\/p>\n\n\n\n<p>Cr\u00e9ation de contenu (posts, vid\u00e9os, motion design, photos) et animation de la page Facebook.<\/p>\n\n\n\n<p><strong>DEPUIS AVRIL 2022<\/strong><\/p>\n\n\n\n<p><strong>Auto-Entrepreneur \u200b<\/strong><\/p>\n\n\n\n<p>Je r\u00e9alise vos films, clips et vid\u00e9os de A \u00e0 Z. Je suis \u00e9galement votre photographe corporate et institutionnel.<\/p>\n\n\n\n<p><strong>DEPUIS JUIN 2021<\/strong><\/p>\n\n\n\n<p><strong>Community et Content Manager | Leader Pneus Services<\/strong><\/p>\n\n\n\n<p>Cr\u00e9ation de contenu (posts, vid\u00e9os, motion design, photos) et animation de la page Facebook.<\/p>\n\n\n\n<p>Formation de Community Manager sur Openclassroom.<\/p>\n\n\n\n<p><strong>2021-2022<\/strong><\/p>\n\n\n\n<p><strong>Imaging Specialist | Cazoo<\/strong><\/p>\n\n\n\n<p>Photographie de voitures, mise en ligne sur le site internet, respect de la charte et du cahier des charges, contr\u00f4le qualit\u00e9, formation de coll\u00e8gues, recherches de solutions, travail en \u00e9quipe et collaboration avec une \u00e9quipe internationale<\/p>\n\n\n\n<p><strong>2020<\/strong><\/p>\n\n\n\n<p><strong>\u00c0 titre personne l Acquisition d&rsquo;un Nikon D850 et d&rsquo;un Ronin S<\/strong><\/p>\n\n\n\n<p>Photos, Lightpainting, Lightwriting, temps de pose, films, traitements en post-prod&#8230; Je touche \u00e0 tout!<\/p>\n\n\n\n<p><strong>2018-2020<\/strong><\/p>\n\n\n\n<p><strong>Technicienne Audiovisuel sp\u00e9cialis\u00e9e Son | MoselleTV<\/strong><\/p>\n\n\n\n<p>Installation de diff\u00e9rents plateaux entre plusieurs \u00e9missons. Enregistrement du son d&rsquo;\u00e9missions et d&rsquo;interviews sur un Zoom, tournage et montage de petits clip de pr\u00e9sentation de restaurant pour \u00ab\u00a0Mirabelle Gourmande\u00a0\u00bb.Installation, balance et mixage de groupes live pour \u00ab\u00a0Juste Avant de Zapper \u00a0\u00bb et \u00ab\u00a0La Bo\u00eete \u00e0 M&rsquo;Alice\u00a0\u00bb et ainsi qu&rsquo;ing\u00e9 son sur toutes les \u00e9missions de la cha\u00eene.J&rsquo;ai \u00e9galement refait le plateau de \u00ab\u00a0Juste Avant de Zapper\u00a0\u00bb pour le transformer en celui de \u00ab\u00a0La Bo\u00eete \u00e0 M&rsquo;Alice\u00a0\u00bb.<\/p>\n\n\n\n<p><strong>2015 &#8211; 2018<\/strong><\/p>\n\n\n\n<p><strong>Technicienne d&rsquo;Exploitation Vid\u00e9o | TV8 Moselle-Est<\/strong><\/p>\n\n\n\n<p>Installation de diff\u00e9rents plateaux (multicam\u00e9ras, fond vert, ext\u00e9rieur), installation du nouvel \u00e9clairage, enregistrement d&rsquo;\u00e9missions et d&rsquo;interviews appareils photos, cam\u00e9ra au point et type ENG, montage, gestion de projets, d\u00e9pannage de la diffusion en cas de \u00ab\u00a0black antenne\u00a0\u00bb.J&rsquo;ai \u00e9galement supervis\u00e9 plus de 10 stagiaires (allant du coll\u00e8ge au BTS)<\/p>\n\n\n\n<p><strong>2013 &#8211; 2015<\/strong><\/p>\n\n\n\n<p><strong>\u00c9tudes sup\u00e9rieures<\/strong><\/p>\n\n\n\n<p>BTS Audiovisuel option Technique d&rsquo;Ing\u00e9nierie et Exploitation des \u00c9quipements au Lyc\u00e9e de la Communication de Metz (57)<\/p>\n\n\n\n<p>Je fais mes stages en technique et en journalisme \u00e0 Mosa\u00efk-Cristal. J&rsquo;obtiens mon BTS.<\/p>\n\n\n\n<p>\u200b<\/p>\n\n\n\n<p><strong>2010-2013<\/strong><\/p>\n\n\n\n<h5 class=\"wp-block-heading\"><strong>\u00c9tudes g\u00e9n\u00e9rales<\/strong><\/h5>\n\n\n\n<p>BAC Scientifique option Physique-Chimie<br><a href=\"https:\/\/lyc-poncelet.monbureaunumerique.fr\/\" target=\"_blank\" rel=\"noreferrer noopener\">Lyc\u00e9e Jean-Victor Poncelet<\/a>&nbsp;de Saint-Avold (57)<\/p>\n\n\n\n<p>J&rsquo;obtiens le BAC avec la mention Assez-Bien.<\/p>\n\n\n\n<p>\u200b<\/p>\n\n\n\n<p><strong>1995<\/strong><\/p>\n\n\n\n<h5 class=\"wp-block-heading\"><strong>Naissance<\/strong><\/h5>\n\n\n\n<p><\/p>\n","protected":false},"excerpt":{"rendered":"<p>DEMAIN Peut-\u00eatre chez vous ? SEPTEMBRE 2023 D\u00e9veloppeuse Web Fullstack GitHub Je d\u00e9veloppe divers projets personnels. MARS \u00c0 SEPTEMBRE 2023 Formation D\u00e9veloppeur Web Fullstack | O&rsquo;Clock Formation intensive de d\u00e9veloppement web dans les langages PHP et JavaScript. J&rsquo;ai \u00e9galement des comp\u00e9tences dans le framework Symfony, en base de donn\u00e9es MySQL, en m\u00e9thode Agile (Scrum), et [&hellip;]<\/p>\n","protected":false},"author":1,"featured_media":0,"parent":0,"menu_order":0,"comment_status":"closed","ping_status":"closed","template":"","meta":{"footnotes":""},"class_list":["post-154","page","type-page","status-publish","hentry"],"_links":{"self":[{"href":"https:\/\/www.mariemalnoury.com\/index.php\/wp-json\/wp\/v2\/pages\/154","targetHints":{"allow":["GET"]}}],"collection":[{"href":"https:\/\/www.mariemalnoury.com\/index.php\/wp-json\/wp\/v2\/pages"}],"about":[{"href":"https:\/\/www.mariemalnoury.com\/index.php\/wp-json\/wp\/v2\/types\/page"}],"author":[{"embeddable":true,"href":"https:\/\/www.mariemalnoury.com\/index.php\/wp-json\/wp\/v2\/users\/1"}],"replies":[{"embeddable":true,"href":"https:\/\/www.mariemalnoury.com\/index.php\/wp-json\/wp\/v2\/comments?post=154"}],"version-history":[{"count":1,"href":"https:\/\/www.mariemalnoury.com\/index.php\/wp-json\/wp\/v2\/pages\/154\/revisions"}],"predecessor-version":[{"id":155,"href":"https:\/\/www.mariemalnoury.com\/index.php\/wp-json\/wp\/v2\/pages\/154\/revisions\/155"}],"wp:attachment":[{"href":"https:\/\/www.mariemalnoury.com\/index.php\/wp-json\/wp\/v2\/media?parent=154"}],"curies":[{"name":"wp","href":"https:\/\/api.w.org\/{rel}","templated":true}]}}